{"id":23194,"date":"2026-02-03T10:00:08","date_gmt":"2026-02-03T09:00:08","guid":{"rendered":"https:\/\/thefinecollection.de\/shop\/unkategorisiert\/wire-stuhl-im-mesh-look-gold\/"},"modified":"2026-03-24T16:10:28","modified_gmt":"2026-03-24T15:10:28","slug":"wire-stuhl-im-mesh-look-gold","status":"publish","type":"product","link":"https:\/\/thefinecollection.de\/en\/shop\/furniture\/chairs\/wire-stuhl-im-mesh-look-gold\/","title":{"rendered":"Wire Stuhl im Mesh-Look gold"},"content":{"rendered":"<p>Wer nach einem modernen und dennoch zeitlosen Stil sucht, dabei aber gleicherma\u00dfen eine gem\u00fctliche Atmosph\u00e4re zaubern will, ist mit unseren Lucy Wire St\u00fchle bestens ausgestattet. Der Lucy Wire Stuhl ist Teil der Lucy Wire Kollektion. Neben dem Lucy Wire Dinner Stuhl ist der Lucy Wire Bar Stool und auch der Lucy Wire Table mit einer passenden grauen Tischplatte erh\u00e4ltlich.<br \/>\u00a0<br \/><strong>Die Geo-Shapes sind super modern und gleicherma\u00dfen elegant<\/strong><br \/>Die gesamte Kollektion ist aus dem gleichen Metall in einem edlen Gold gefertigt und sieht besonders in Kombination der einzelnen Bestandteile der Lucy Wire Kollektion immer atemberaubend aus. Kombiniert passt sie perfekt auf eine Hochzeit mit langen Tafeln oder Bankettbestuhlung, die um einen schicken Barbereich erweitert wird. Die Lucy Wire Bar Stools k\u00f6nnen in Vierergruppen gepaart einen Lucy Wire Table umrahmen und sorgen f\u00fcr angeregte Unterhaltungen, die durch die Komfortabilit\u00e4t der St\u00fchle lange fortgef\u00fchrt werden k\u00f6nnen. Wer eher nach ros\u00e9gold sucht, findet diese St\u00fchle nun auch mit Metallstreben in dieser Farbe.<\/p>\n<p>Ein wei\u00dfes oder schwarzes Kunstlederkissen kann optional passend zu jedem Lucy Wire Stuhl zugebucht werden. Das Kissen macht den Lucy Wire Stuhl zu einer super bequemen Sitzgelegenheit, die w\u00e4hrend langen Partyn\u00e4chten zum Ausruhen einl\u00e4dt. Das Wei\u00df des Kissens hebt das goldene Metall des Lucy Wire Chairs noch mehr hervor und l\u00e4sst es eleganter wirken.<br \/>\u00a0<br \/><strong>Bequeme Sitzfl\u00e4che; Stabile Sitzschale<\/strong><br \/>Die goldenen Metallstreben laufen auf der Sitzfl\u00e4che vertikal die Lehne hoch, bis in das untere Drittel der Lehne des Lucy Wire St\u00fchle. Die oberen beiden Drittel der Stuhllehne sind durch ein elegantes Zick-Zack-Muster versch\u00f6nert, das nochmal in zwei schmalere Bereiche mit einem breiten Bereich in der Mitte aufgeteilt ist. Die Stuhlbeine der Lucy Wire St\u00fchle sind in in einer dreieckigen Form gehalten, die oben leicht ge\u00f6ffnet bleibt und nach unten leicht ausgestellt zul\u00e4uft.<\/p>\n<p>\u00a0<\/p>\n<table border=\"1\">\n<tbody>\n<tr>\n<td>Produktname:<\/td>\n<td>Lucy Wire Stuhl im Mesh-Look<\/td>\n<\/tr>\n<tr>\n<td>Material:<\/td>\n<td>Metall<\/td>\n<\/tr>\n<tr>\n<td>Farbe:<\/td>\n<td>Gold<\/td>\n<\/tr>\n<tr>\n<td>Hinweise:<\/td>\n<td>Sitzkissen optional in schwarz oder weiss<\/td>\n<\/tr>\n<tr>\n<td>\u00a0<\/td>\n<td>\u00a0<\/td>\n<\/tr>\n<tr>\n<td>Gewicht:<\/td>\n<td>ca. 6kg<\/td>\n<\/tr>\n<tr>\n<td>Abmessungen:<\/td>\n<td>Stuhlh\u00f6he: 84,5cm<br \/>Stuhlbreite: 63cm<br \/>Stuhltiefe: 50,5cm<br \/>Sitzh\u00f6he: 45cm<br \/>Sitzbreite: 47,5cm<br \/>Sitztiefe: 42cm<br \/>Breite Stuhllehne: 31,5cm<\/td>\n<\/tr>\n<\/tbody>\n<\/table>\n<p>\u00a0<\/p>\n","protected":false},"excerpt":{"rendered":"<p><strong>Lucy Wire St\u00fchle kaufen.<\/strong><br \/>Der Lucy Wire Stuhl ist der neueste Trend in der kommenden Hochzeitssaison. Die moderne, geometrische Mesh-Optik verleiht dem Stuhl sein hochwertiges Aussehen, er ist auffallend und wirkt trotzdem schlicht. Wundersch\u00f6ne, geometrische Formen, filigran verarbeitet aus feinen Metallstreben wirken gleichzeitig leicht und stabil.<\/p>\n","protected":false},"featured_media":23200,"template":"","meta":{"content-type":""},"product_brand":[],"product_cat":[82],"product_tag":[],"class_list":{"0":"post-23194","1":"product","2":"type-product","3":"status-publish","4":"has-post-thumbnail","6":"product_cat-stapelbare-stuehle-kaufen","7":"product_shipping_class-spedition-90-eur-stuehle","9":"first","10":"instock","11":"taxable","12":"shipping-taxable","13":"purchasable","14":"product-type-simple"},"_links":{"self":[{"href":"https:\/\/thefinecollection.de\/en\/wp-json\/wp\/v2\/product\/23194","targetHints":{"allow":["GET"]}}],"collection":[{"href":"https:\/\/thefinecollection.de\/en\/wp-json\/wp\/v2\/product"}],"about":[{"href":"https:\/\/thefinecollection.de\/en\/wp-json\/wp\/v2\/types\/product"}],"version-history":[{"count":0,"href":"https:\/\/thefinecollection.de\/en\/wp-json\/wp\/v2\/product\/23194\/revisions"}],"wp:featuredmedia":[{"embeddable":true,"href":"https:\/\/thefinecollection.de\/en\/wp-json\/wp\/v2\/media\/23200"}],"wp:attachment":[{"href":"https:\/\/thefinecollection.de\/en\/wp-json\/wp\/v2\/media?parent=23194"}],"wp:term":[{"taxonomy":"product_brand","embeddable":true,"href":"https:\/\/thefinecollection.de\/en\/wp-json\/wp\/v2\/product_brand?post=23194"},{"taxonomy":"product_cat","embeddable":true,"href":"https:\/\/thefinecollection.de\/en\/wp-json\/wp\/v2\/product_cat?post=23194"},{"taxonomy":"product_tag","embeddable":true,"href":"https:\/\/thefinecollection.de\/en\/wp-json\/wp\/v2\/product_tag?post=23194"}],"curies":[{"name":"wp","href":"https:\/\/api.w.org\/{rel}","templated":true}]}}