{"id":21623,"date":"2026-01-14T15:43:31","date_gmt":"2026-01-14T14:43:31","guid":{"rendered":"https:\/\/thefinecollection.de\/shop\/unkategorisiert\/brotteller-minimal-in-cocoa-brown-mit-goldrand-%e2%8c%80-155cm\/"},"modified":"2026-03-24T16:10:27","modified_gmt":"2026-03-24T15:10:27","slug":"brotteller-minimal-in-cocoa-brown-mit-goldrand-%e2%8c%80-155cm","status":"publish","type":"product","link":"https:\/\/thefinecollection.de\/en\/shop\/bread-place-plates-made-of-glass\/brotteller-minimal-in-cocoa-brown-mit-goldrand-%e2%8c%80-155cm\/","title":{"rendered":"Brotteller \u201cMinimal\u201d in Cocoa Brown mit Goldrand \u2300 15,5cm"},"content":{"rendered":"<p><strong>Eleganter Brotteller \u201cMinimal\u201d in Cocoa Brown mit Goldrand \u2013 15,5 cm zum Kauf<\/strong><\/p>\n<p>M\u00f6chtest du deinem Tisch eine elegante und moderne Note verleihen? Dann ist der Brotteller \u201cMinimal\u201d in Cocoa Brown mit einem stilvollen Goldrand genau das Richtige f\u00fcr dich. Mit einem Durchmesser von 15,5 cm bietet dieser Teller die perfekte Gr\u00f6\u00dfe, um Brotsorten, Br\u00f6tchen oder kleine Snacks ansprechend zu pr\u00e4sentieren.<\/p>\n<p>Das schlichte, zeitlose Design in Cocoa Brown kombiniert mit dem edlen Goldrand sorgt f\u00fcr eine elegante Atmosph\u00e4re bei Hochzeiten, Firmenveranstaltungen, privaten Feiern oder anderen besonderen Anl\u00e4ssen. Der Teller ist aus hochwertigem Material gefertigt, das nicht nur langlebig ist, sondern auch eine stilvolle Pr\u00e4sentation deiner Speisen garantiert.<\/p>\n<p>Unsere klaren Teller mit Goldrand sind super beliebt in unserem Verleih. Da dachten wir uns: Warum nicht mehr von diesen minimalistisch, edlen Tellern in anderen Varianten anbieten? Dieser braune Teller \u00fcberzeugt ebenfalls durch einen eleganten, filigranen Goldrand und bringt au\u00dferdem etwas Farbe auf den Tisch. Hier in der kleineren Ausf\u00fchrung als Vorspeisen- oder Dessertteller.<br \/>\u00a0<\/p>\n<table border=\"1\">\n<tbody>\n<tr>\n<td><span style=\"vertical-align: inherit;\"><span style=\"vertical-align: inherit;\">Produktname<\/span><\/span><\/td>\n<td>Brotteller \u201cMinimal\u201d in Cocoa Brown mit Goldrand \u2300 15,5cm<\/td>\n<\/tr>\n<tr>\n<td>Abmessungen<\/td>\n<td>Durchmesser: 15,5cm<\/td>\n<\/tr>\n<tr>\n<td>Farbe<\/td>\n<td>Braun mit Goldrand<\/td>\n<\/tr>\n<tr>\n<td>\u00a0<\/td>\n<td>\u00a0<\/td>\n<\/tr>\n<\/tbody>\n<\/table>\n","protected":false},"excerpt":{"rendered":"<p><strong>Brotteller \u201cMinimal\u201d in Cocoa Brown mit Goldrand \u2013 15,5 cm<\/strong><\/p>\n<p>Der elegante Brotteller \u201cMinimal\u201d in Cocoa Brown mit einem stilvollen Goldrand ist die perfekte Wahl, um dein Event noch besonderer zu machen. Mit einem Durchmesser von 15,5 cm bietet dieser Teller eine moderne und schlichte Optik, die dein Tischarrangement aufwertet.\u00a0<\/p>\n","protected":false},"featured_media":21624,"template":"","meta":{"content-type":""},"product_brand":[],"product_cat":[86],"product_tag":[163],"class_list":{"0":"post-21623","1":"product","2":"type-product","3":"status-publish","4":"has-post-thumbnail","6":"product_cat-brot-platzteller-aus-glas","7":"product_tag-neu","8":"product_shipping_class-spedition-90-eur-glas","10":"first","11":"outofstock","12":"taxable","13":"shipping-taxable","14":"purchasable","15":"product-type-simple"},"_links":{"self":[{"href":"https:\/\/thefinecollection.de\/en\/wp-json\/wp\/v2\/product\/21623","targetHints":{"allow":["GET"]}}],"collection":[{"href":"https:\/\/thefinecollection.de\/en\/wp-json\/wp\/v2\/product"}],"about":[{"href":"https:\/\/thefinecollection.de\/en\/wp-json\/wp\/v2\/types\/product"}],"version-history":[{"count":0,"href":"https:\/\/thefinecollection.de\/en\/wp-json\/wp\/v2\/product\/21623\/revisions"}],"wp:featuredmedia":[{"embeddable":true,"href":"https:\/\/thefinecollection.de\/en\/wp-json\/wp\/v2\/media\/21624"}],"wp:attachment":[{"href":"https:\/\/thefinecollection.de\/en\/wp-json\/wp\/v2\/media?parent=21623"}],"wp:term":[{"taxonomy":"product_brand","embeddable":true,"href":"https:\/\/thefinecollection.de\/en\/wp-json\/wp\/v2\/product_brand?post=21623"},{"taxonomy":"product_cat","embeddable":true,"href":"https:\/\/thefinecollection.de\/en\/wp-json\/wp\/v2\/product_cat?post=21623"},{"taxonomy":"product_tag","embeddable":true,"href":"https:\/\/thefinecollection.de\/en\/wp-json\/wp\/v2\/product_tag?post=21623"}],"curies":[{"name":"wp","href":"https:\/\/api.w.org\/{rel}","templated":true}]}}