{"id":21455,"date":"2026-01-14T09:16:22","date_gmt":"2026-01-14T08:16:22","guid":{"rendered":"https:\/\/thefinecollection.de\/shop\/unkategorisiert\/cross-back-stuhl-holz-weiss-mit-rattan-sitz\/"},"modified":"2026-03-24T16:10:27","modified_gmt":"2026-03-24T15:10:27","slug":"cross-back-stuhl-holz-weiss-mit-rattan-sitz","status":"publish","type":"product","link":"https:\/\/thefinecollection.de\/en\/shop\/furniture\/chairs\/cross-back-stuhl-holz-weiss-mit-rattan-sitz\/","title":{"rendered":"Cross Back Stuhl Holz wei\u00df mit Rattan-Sitz"},"content":{"rendered":"<p>Die St\u00fchle in wei\u00df begeistern durch ihr nat\u00fcrliches Aussehen, das sich vor allem in Outdoor-SetUps besonders passend einf\u00fcgt. Aber auch im Abendsaal sind die Cross Back St\u00fchle, die zu mieten sind, ein absolutes Highlight.<br \/>\u00a0<br \/><strong>Unser Bestseller aus dem letzten Jahr wartet nur darauf, Euer Event zu schm\u00fccken.<\/strong><br \/>Der Name des Stuhls, Cross Back, kommt von der \u00fcberkreuzten R\u00fcckenkonstruktion, die dem Cross Back Stuhl Stabilit\u00e4t, Gem\u00e4chlichkeit und Gem\u00fctlichkeit verleiht, sowohl auf geradem Untergrund in Innenr\u00e4umen, als auch auf unebenen Oberfl\u00e4chen im Au\u00dfenbereich, wie beispielsweise auf Sand, Gras oder Kies. Durch die Rundb\u00f6gen, die unterhalb der Sitzfl\u00e4che die Standhaftigkeit der Stuhlbeine der Cross Back St\u00fchle verbessern, wird die Stabilit\u00e4t auf verschiedensten Oberfl\u00e4chen verst\u00e4rkt. Entspanntem Sitzen auf unseren zu mietenden Cross Back St\u00fchle steht somit nichts im Wege.<\/p>\n<p>Jeder Stuhl hat, unabh\u00e4ngig von der gew\u00fcnschten Farbe, eine bequeme hellbraune Rattan-Sitzfl\u00e4che. Falls die Cross Back St\u00fchle den ganzen Abend \u00fcber eine angenehme Sitzm\u00f6glichkeit bieten sollen, bieten wir zus\u00e4tzlich zu jedem Stuhl ein passendes Cross Back Sitzkissen, das f\u00fcr den extra Comfort sorgt.<br \/>\u00a0<br \/><strong>Perfekt f\u00fcr Outdoor-Events geeignet;Nat\u00fcrliche Holzoptik;Durch Stapelbarkeit einfach zu transportieren<\/strong><\/p>\n<p>W\u00e4hrend wei\u00df dem SetUp eine gewisse Frische, Sauberkeit und Neutralit\u00e4t verleiht, gibt die Holzoptik der St\u00fchle dem Gesamtkonzept eine moderne, nat\u00fcrliche und w\u00e4rmende Atmosph\u00e4re.<\/p>\n<p>Die wei\u00dfen Cross Back St\u00fchle sorgen zudem f\u00fcr ein elegantes Aussehen und vergr\u00f6\u00dfern den Raum optisch, was vor allem von Vorteil ist, wenn der Veranstaltungsbereich eher klein ist und visuell erweitert werden soll. Au\u00dferdem ist der Cross Back Stuhl in wei\u00df absolut romantisch.\u00a0<\/p>\n<p>\u00a0<\/p>\n<table border=\"1\">\n<tbody>\n<tr>\n<td>Produktname:<\/td>\n<td>Cross Back St\u00fchle in wei\u00df mit Rattan-Geflecht<\/td>\n<\/tr>\n<tr>\n<td>Material:<\/td>\n<td>Holz<\/td>\n<\/tr>\n<tr>\n<td>Farbe:<\/td>\n<td>wei\u00df<\/td>\n<\/tr>\n<tr>\n<td>Hinweise:<\/td>\n<td>Stapelbar \/ Sitzkissen optional<\/td>\n<\/tr>\n<tr>\n<td>Transport<\/td>\n<td>Per Transporter \/ Spedition \/ Abholung<\/td>\n<\/tr>\n<tr>\n<td>Gewicht:<\/td>\n<td>4,6kg<\/td>\n<\/tr>\n<tr>\n<td>Abmessungen:<\/td>\n<td>Stuhlh\u00f6he: 89,5cm<br \/>Stuhlbreite: 42cm<br \/>Stuhltiefe: 42cm<br \/>Sitzh\u00f6he: 45cm<br \/>Sitzbreite: 41cm<br \/>Sitztiefe: 41,5cm<br \/>Breite Stuhllehne: 50cm<\/td>\n<\/tr>\n<\/tbody>\n<\/table>\n<p>\u00a0<\/p>\n","protected":false},"excerpt":{"rendered":"<p><strong>Cross Back St\u00fchle in wei\u00df kaufen<\/strong><\/p>\n<p><strong>\u00a0<\/strong><br \/>Der Cross Back Stuhl ist ein echter Allrounder, er passt auf eine klassische Hochzeit, auf eine Almhochzeit oder auch auf eine Hochzeit am Strand. Schon zu Gro\u00dfmutters Zeiten ein Hingucker, feiert der Cross Back Stuhl momentan sein Comeback. Die St\u00fchle bestechen durch einen modernen, rustikalen Look, ohne dabei altbacken zu wirken. Ob Vintage-, Boho- oder Landhaus-Hochzeit, der Crossback Stuhl passt zu jedem Veranstaltungs-Stil.<\/p>\n","protected":false},"featured_media":21458,"template":"","meta":{"content-type":""},"product_brand":[],"product_cat":[82],"product_tag":[],"class_list":{"0":"post-21455","1":"product","2":"type-product","3":"status-publish","4":"has-post-thumbnail","6":"product_cat-stapelbare-stuehle-kaufen","7":"product_shipping_class-abholung","9":"first","10":"instock","11":"taxable","12":"shipping-taxable","13":"purchasable","14":"product-type-simple"},"_links":{"self":[{"href":"https:\/\/thefinecollection.de\/en\/wp-json\/wp\/v2\/product\/21455","targetHints":{"allow":["GET"]}}],"collection":[{"href":"https:\/\/thefinecollection.de\/en\/wp-json\/wp\/v2\/product"}],"about":[{"href":"https:\/\/thefinecollection.de\/en\/wp-json\/wp\/v2\/types\/product"}],"version-history":[{"count":0,"href":"https:\/\/thefinecollection.de\/en\/wp-json\/wp\/v2\/product\/21455\/revisions"}],"wp:featuredmedia":[{"embeddable":true,"href":"https:\/\/thefinecollection.de\/en\/wp-json\/wp\/v2\/media\/21458"}],"wp:attachment":[{"href":"https:\/\/thefinecollection.de\/en\/wp-json\/wp\/v2\/media?parent=21455"}],"wp:term":[{"taxonomy":"product_brand","embeddable":true,"href":"https:\/\/thefinecollection.de\/en\/wp-json\/wp\/v2\/product_brand?post=21455"},{"taxonomy":"product_cat","embeddable":true,"href":"https:\/\/thefinecollection.de\/en\/wp-json\/wp\/v2\/product_cat?post=21455"},{"taxonomy":"product_tag","embeddable":true,"href":"https:\/\/thefinecollection.de\/en\/wp-json\/wp\/v2\/product_tag?post=21455"}],"curies":[{"name":"wp","href":"https:\/\/api.w.org\/{rel}","templated":true}]}}